{"id":11,"date":"2011-10-23T15:49:31","date_gmt":"2011-10-23T14:49:31","guid":{"rendered":"http:\/\/www.mszporoszlany.hu\/?page_id=11"},"modified":"2019-06-05T16:03:40","modified_gmt":"2019-06-05T15:03:40","slug":"elerhetoseg","status":"publish","type":"page","link":"https:\/\/www.mszporoszlany.hu\/?page_id=11","title":{"rendered":"El\u00e9rhet\u0151s\u00e9g"},"content":{"rendered":"<div style=\"width: 610px\" class=\"wp-caption aligncenter\"><img loading=\"lazy\" decoding=\"async\" class=\" \" src=\"http:\/\/maps.googleapis.com\/maps\/api\/staticmap?center=47.4828,18.3108&amp;zoom=16&amp;size=600x400&amp;sensor=true&amp;markers=color:red|label:M|47.4828,18.3108\" alt=\"\" width=\"600\" height=\"400\" \/><p class=\"wp-caption-text\">MSZP Oroszl\u00e1nyi Szervezet Irod\u00e1ja<\/p><\/div>\n<p style=\"text-align: center;\">C\u00edm: <strong>2840 Oroszl\u00e1ny, T\u00e1ncsics Mih\u00e1ly \u00fat 11.<\/strong><br \/>\nE-mail: <strong>oroszlany@mszp.hu<\/strong><br \/>\nTelefon: <strong>+36 (30) 153-4110<\/strong><br \/>\nAd\u00f3sz\u00e1m: <strong>19145350-1-11<\/strong><\/p>\n","protected":false},"excerpt":{"rendered":"<p>C\u00edm: 2840 Oroszl\u00e1ny, T\u00e1ncsics Mih\u00e1ly \u00fat 11. E-mail: oroszlany@mszp.hu Telefon: +36 (30) 153-4110 Ad\u00f3sz\u00e1m: 19145350-1-11<\/p>\n","protected":false},"author":35,"featured_media":0,"parent":0,"menu_order":98,"comment_status":"closed","ping_status":"closed","template":"","meta":{"footnotes":""},"class_list":["post-11","page","type-page","status-publish","hentry"],"_links":{"self":[{"href":"https:\/\/www.mszporoszlany.hu\/index.php?rest_route=\/wp\/v2\/pages\/11","targetHints":{"allow":["GET"]}}],"collection":[{"href":"https:\/\/www.mszporoszlany.hu\/index.php?rest_route=\/wp\/v2\/pages"}],"about":[{"href":"https:\/\/www.mszporoszlany.hu\/index.php?rest_route=\/wp\/v2\/types\/page"}],"author":[{"embeddable":true,"href":"https:\/\/www.mszporoszlany.hu\/index.php?rest_route=\/wp\/v2\/users\/35"}],"replies":[{"embeddable":true,"href":"https:\/\/www.mszporoszlany.hu\/index.php?rest_route=%2Fwp%2Fv2%2Fcomments&post=11"}],"version-history":[{"count":0,"href":"https:\/\/www.mszporoszlany.hu\/index.php?rest_route=\/wp\/v2\/pages\/11\/revisions"}],"wp:attachment":[{"href":"https:\/\/www.mszporoszlany.hu\/index.php?rest_route=%2Fwp%2Fv2%2Fmedia&parent=11"}],"curies":[{"name":"wp","href":"https:\/\/api.w.org\/{rel}","templated":true}]}}