{"id":1133,"date":"2012-08-02T16:35:29","date_gmt":"2012-08-02T15:35:29","guid":{"rendered":"http:\/\/www.mszporoszlany.hu\/?page_id=1133"},"modified":"2012-08-02T21:08:13","modified_gmt":"2012-08-02T20:08:13","slug":"visszajelzes","status":"publish","type":"page","link":"https:\/\/www.mszporoszlany.hu\/?page_id=1133","title":{"rendered":"Visszajelz\u00e9s"},"content":{"rendered":"<p>L\u00e1togat\u00f3ink t\u00f6bbsz\u00f6r is jelezt\u00e9k, hogy szeretn\u00e9k, ha oldalainkon (a regisztr\u00e1ci\u00f3t ig\u00e9nyl\u0151 hozz\u00e1sz\u00f3l\u00e1sokon k\u00edv\u00fcl) lehetne \u00fczenetet k\u00fcldeni a szerkeszt\u0151s\u00e9g sz\u00e1m\u00e1ra. Javaslatuk szerint ebben a form\u00e1ban lehet\u0151s\u00e9g lenne t\u00e9majavaslatokra, inform\u00e1ci\u00f3 tov\u00e1bb\u00edt\u00e1sra \u00e9s olyan v\u00e9lem\u00e9nyek bek\u00fcld\u00e9s\u00e9re is, amelyek nem jelenn\u00e9nek meg, mint ahogy az a hozz\u00e1sz\u00f3l\u00e1sok eset\u00e9n t\u00f6rt\u00e9nik.<\/p>\n<p>Szerkeszt\u0151s\u00e9g\u00fcnk megval\u00f3s\u00edtand\u00f3nak \u00edt\u00e9lte az \u00f6tletet, \u00edgy elk\u00e9sz\u00fclt a &#8222;<strong>Visszajelz\u00e9s<\/strong>&#8221; szolg\u00e1ltat\u00e1s, amelyet az alap\u00f6tlethez k\u00e9pest t\u00f6bb lehet\u0151s\u00e9ggel is kib\u0151v\u00edtett\u00fcnk. Az al\u00e1bbi visszajelz\u00e9si lehet\u0151s\u00e9gek k\u00f6z\u00fcl v\u00e1laszthat:<\/p>\n<ul>\n<li><a title=\"Inform\u00e1ci\u00f3k\u00f6zl\u00e9s\" href=\"\/?page_id=1145\">Inform\u00e1ci\u00f3k\u00f6zl\u00e9s<\/a>, t\u00e9majavaslat<\/li>\n<li><a title=\"V\u00e9lem\u00e9nyk\u00fcld\u00e9s\" href=\"\/?page_id=1210\">V\u00e9lem\u00e9nyk\u00fcld\u00e9s<\/a><\/li>\n<li><a title=\"Nyilatkozatt\u00e9tel adatok nyilv\u00e1ntart\u00e1s\u00e1ra\" href=\"\/?page_id=1218\" target=\"_blank\">Nyilatkozatt\u00e9tel<\/a><\/li>\n<li><a title=\"H\u00edrlev\u00e9l megrendel\u00e9se\/lemond\u00e1sa\" href=\"\/?page_id=1233\">H\u00edrlev\u00e9l<\/a><\/li>\n<li><a title=\"T\u00e1mogat\u00f3i bejelentkez\u00e9s\" href=\"\/?page_id=1238\">T\u00e1mogat\u00e1s<\/a><\/li>\n<\/ul>\n","protected":false},"excerpt":{"rendered":"<p>L\u00e1togat\u00f3ink t\u00f6bbsz\u00f6r is jelezt\u00e9k, hogy szeretn\u00e9k, ha oldalainkon (a regisztr\u00e1ci\u00f3t ig\u00e9nyl\u0151 hozz\u00e1sz\u00f3l\u00e1sokon k\u00edv\u00fcl) lehetne \u00fczenetet k\u00fcldeni a szerkeszt\u0151s\u00e9g sz\u00e1m\u00e1ra. Javaslatuk szerint ebben a form\u00e1ban lehet\u0151s\u00e9g lenne t\u00e9majavaslatokra, inform\u00e1ci\u00f3 tov\u00e1bb\u00edt\u00e1sra \u00e9s olyan v\u00e9lem\u00e9nyek bek\u00fcld\u00e9s\u00e9re is, amelyek nem jelenn\u00e9nek meg, mint ahogy &hellip; <a href=\"https:\/\/www.mszporoszlany.hu\/?page_id=1133\">Egy kattint\u00e1s ide a folytat\u00e1shoz&#8230;. <span class=\"meta-nav\">&rarr;<\/span><\/a><\/p>\n","protected":false},"author":35,"featured_media":0,"parent":0,"menu_order":99,"comment_status":"closed","ping_status":"closed","template":"","meta":{"footnotes":""},"class_list":["post-1133","page","type-page","status-publish","hentry"],"_links":{"self":[{"href":"https:\/\/www.mszporoszlany.hu\/index.php?rest_route=\/wp\/v2\/pages\/1133","targetHints":{"allow":["GET"]}}],"collection":[{"href":"https:\/\/www.mszporoszlany.hu\/index.php?rest_route=\/wp\/v2\/pages"}],"about":[{"href":"https:\/\/www.mszporoszlany.hu\/index.php?rest_route=\/wp\/v2\/types\/page"}],"author":[{"embeddable":true,"href":"https:\/\/www.mszporoszlany.hu\/index.php?rest_route=\/wp\/v2\/users\/35"}],"replies":[{"embeddable":true,"href":"https:\/\/www.mszporoszlany.hu\/index.php?rest_route=%2Fwp%2Fv2%2Fcomments&post=1133"}],"version-history":[{"count":0,"href":"https:\/\/www.mszporoszlany.hu\/index.php?rest_route=\/wp\/v2\/pages\/1133\/revisions"}],"wp:attachment":[{"href":"https:\/\/www.mszporoszlany.hu\/index.php?rest_route=%2Fwp%2Fv2%2Fmedia&parent=1133"}],"curies":[{"name":"wp","href":"https:\/\/api.w.org\/{rel}","templated":true}]}}