{"id":1145,"date":"2012-08-02T17:05:47","date_gmt":"2012-08-02T16:05:47","guid":{"rendered":"http:\/\/www.mszporoszlany.hu\/?page_id=1145"},"modified":"2016-08-19T17:11:48","modified_gmt":"2016-08-19T16:11:48","slug":"informaciokozles","status":"publish","type":"page","link":"https:\/\/www.mszporoszlany.hu\/?page_id=1145","title":{"rendered":"Inform\u00e1ci\u00f3k\u00f6zl\u00e9s"},"content":{"rendered":"<p>Ha \u00f6nnek javaslata van, hogy milyen t\u00e9m\u00e1kkal foglalkozzunk, illetve a t\u00e9m\u00e1hoz kapcsol\u00f3d\u00f3an inform\u00e1ci\u00f3kkal is rendelkezik, akkor k\u00e9rj\u00fck t\u00f6ltse ki ezt az adatlapot, majd v\u00e1lassza ki a K\u00fcld\u00e9s nyom\u00f3gombot. Amennyiben megadta el\u00e9rhet\u0151s\u00e9g\u00e9t, akkor munkat\u00e1rsunk hamarosan megkeresi \u00d6nt annak \u00e9rdek\u00e9ben, hogy tiszt\u00e1zz\u00e1k a tov\u00e1bbi r\u00e9szleteket!<\/p>\n<hr \/>\n<div id=\"forms\">\n<form action=\"\/cgiemail.php\" method=\"post\">\n<input name=\"success\" type=\"hidden\" value=\"\/?page_id=1134\" \/><br \/>\n<input type=\"hidden\" name=\"type\" value=\"inform\u00e1ci\u00f3k\u00f6zl\u00e9s\"><br \/>\n<input type=\"hidden\" name=\"form\" value=\"visszajelzes.txt\"><br \/>\n<span class=\"cim\">N\u00e9v:<\/span><span class=\"adat\"><input name=\"nev\" size=\"50\" type=\"text\" \/><\/span><br \/>\n<span class=\"cim\">Telefonsz\u00e1m:<\/span><span class=\"adat\"><input name=\"telefon\" size=\"30\" type=\"text\" \/><\/span><br \/>\n<span class=\"cim\">E-mail:<\/span><span class=\"adat\"><input name=\"email\" size=\"50\" type=\"text\" \/><\/span><br \/>\n<span class=\"cim\">Inform\u00e1ci\u00f3 sz\u00f6vege:<\/span><span class=\"adat\"><textarea cols=\"60\" name=\"szoveg\" rows=\"5\"><\/textarea><\/span><br \/>\n<span class=\"cim\">\u00a0<\/span><span class=\"adat\"><input style=\"margin-top: 20px;\" type=\"submit\" value=\" K\u00fcld\u00e9s \" \/>\u00a0<input type=\"reset\" value=\" T\u00f6rl\u00e9s \" \/><\/span><br \/>\n<input name=\"type\" type=\"hidden\" value=\"Inform\u00e1ci\u00f3k\u00f6zl\u00e9s\" \/><br \/>\n<\/form>\n<\/div>\n","protected":false},"excerpt":{"rendered":"<p>Ha \u00f6nnek javaslata van, hogy milyen t\u00e9m\u00e1kkal foglalkozzunk, illetve a t\u00e9m\u00e1hoz kapcsol\u00f3d\u00f3an inform\u00e1ci\u00f3kkal is rendelkezik, akkor k\u00e9rj\u00fck t\u00f6ltse ki ezt az adatlapot, majd v\u00e1lassza ki a K\u00fcld\u00e9s nyom\u00f3gombot. Amennyiben megadta el\u00e9rhet\u0151s\u00e9g\u00e9t, akkor munkat\u00e1rsunk hamarosan megkeresi \u00d6nt annak \u00e9rdek\u00e9ben, hogy tiszt\u00e1zz\u00e1k &hellip; <a href=\"https:\/\/www.mszporoszlany.hu\/?page_id=1145\">Egy kattint\u00e1s ide a folytat\u00e1shoz&#8230;. <span class=\"meta-nav\">&rarr;<\/span><\/a><\/p>\n","protected":false},"author":35,"featured_media":0,"parent":1133,"menu_order":99,"comment_status":"closed","ping_status":"closed","template":"","meta":{"footnotes":""},"class_list":["post-1145","page","type-page","status-publish","hentry"],"_links":{"self":[{"href":"https:\/\/www.mszporoszlany.hu\/index.php?rest_route=\/wp\/v2\/pages\/1145","targetHints":{"allow":["GET"]}}],"collection":[{"href":"https:\/\/www.mszporoszlany.hu\/index.php?rest_route=\/wp\/v2\/pages"}],"about":[{"href":"https:\/\/www.mszporoszlany.hu\/index.php?rest_route=\/wp\/v2\/types\/page"}],"author":[{"embeddable":true,"href":"https:\/\/www.mszporoszlany.hu\/index.php?rest_route=\/wp\/v2\/users\/35"}],"replies":[{"embeddable":true,"href":"https:\/\/www.mszporoszlany.hu\/index.php?rest_route=%2Fwp%2Fv2%2Fcomments&post=1145"}],"version-history":[{"count":0,"href":"https:\/\/www.mszporoszlany.hu\/index.php?rest_route=\/wp\/v2\/pages\/1145\/revisions"}],"up":[{"embeddable":true,"href":"https:\/\/www.mszporoszlany.hu\/index.php?rest_route=\/wp\/v2\/pages\/1133"}],"wp:attachment":[{"href":"https:\/\/www.mszporoszlany.hu\/index.php?rest_route=%2Fwp%2Fv2%2Fmedia&parent=1145"}],"curies":[{"name":"wp","href":"https:\/\/api.w.org\/{rel}","templated":true}]}}