{"id":1210,"date":"2012-08-02T18:31:37","date_gmt":"2012-08-02T17:31:37","guid":{"rendered":"http:\/\/www.mszporoszlany.hu\/?page_id=1210"},"modified":"2016-08-19T17:11:21","modified_gmt":"2016-08-19T16:11:21","slug":"velemeny","status":"publish","type":"page","link":"https:\/\/www.mszporoszlany.hu\/?page_id=1210","title":{"rendered":"V\u00e9lem\u00e9ny"},"content":{"rendered":"<p>K\u00e9rj\u00fck, mondja el v\u00e9lem\u00e9ny\u00e9t lapunkkal, illetve az MSZP Oroszl\u00e1nyi szervezet\u00e9vel kapcsolatosan. Szem\u00e9lyi adatainak megad\u00e1sa nem k\u00f6telez\u0151. Amennyiben megadja, akkor munkat\u00e1rsunk amennyiben a v\u00e9lem\u00e9nye megad\u00e1sakor ezt kifejezetten k\u00e9rte megkeresi \u00d6nt elektronikus lev\u00e9lben.<\/p>\n<hr>\n<div id=\"forms\">\n<form action=\"\/cgiemail.php\" method=\"post\">\n<input name=\"success\" type=\"hidden\" value=\"\/?page_id=1134\" \/><br \/>\n<input type=\"hidden\" name=\"type\" value=\"v\u00e9lem\u00e9nyk\u00fcld\u00e9s\"><br \/>\n<input type=\"hidden\" name=\"form\" value=\"visszajelzes.txt\"><br \/>\n<span class=\"cim\">N\u00e9v:<\/span><span class=\"adat\"><input type=\"text\" name=\"nev\" size=\"50\" \/><\/span><br \/>\n<span class=\"cim\">E-mail:<\/span><span class=\"adat\"><input type=\"text\" name=\"email\" size=\"50\" \/><\/span><br \/>\n<span class=\"cim\">Inform\u00e1ci\u00f3 sz\u00f6vege:<\/span><span class=\"adat\"><textarea name=\"szoveg\" rows=\"5\" cols=\"60\"><\/textarea><\/span><br \/>\n<span class=\"cim\">&nbsp;<\/span><span class=\"adat\"><input style=\"margin-top:20px;\" type=\"submit\" value=\" K\u00fcld\u00e9s \" \/>&nbsp;<input type=\"reset\" value=\" T\u00f6rl\u00e9s \" \/><\/span><br \/>\n<input type=\"hidden\" name=\"type\" value=\"V\u00e9lem\u00e9ny\" \/><br \/>\n<\/form>\n<\/div>\n","protected":false},"excerpt":{"rendered":"<p>K\u00e9rj\u00fck, mondja el v\u00e9lem\u00e9ny\u00e9t lapunkkal, illetve az MSZP Oroszl\u00e1nyi szervezet\u00e9vel kapcsolatosan. Szem\u00e9lyi adatainak megad\u00e1sa nem k\u00f6telez\u0151. Amennyiben megadja, akkor munkat\u00e1rsunk amennyiben a v\u00e9lem\u00e9nye megad\u00e1sakor ezt kifejezetten k\u00e9rte megkeresi \u00d6nt elektronikus lev\u00e9lben. N\u00e9v: E-mail: Inform\u00e1ci\u00f3 sz\u00f6vege: &nbsp;&nbsp;<\/p>\n","protected":false},"author":35,"featured_media":0,"parent":1133,"menu_order":99,"comment_status":"closed","ping_status":"closed","template":"","meta":{"footnotes":""},"class_list":["post-1210","page","type-page","status-publish","hentry"],"_links":{"self":[{"href":"https:\/\/www.mszporoszlany.hu\/index.php?rest_route=\/wp\/v2\/pages\/1210","targetHints":{"allow":["GET"]}}],"collection":[{"href":"https:\/\/www.mszporoszlany.hu\/index.php?rest_route=\/wp\/v2\/pages"}],"about":[{"href":"https:\/\/www.mszporoszlany.hu\/index.php?rest_route=\/wp\/v2\/types\/page"}],"author":[{"embeddable":true,"href":"https:\/\/www.mszporoszlany.hu\/index.php?rest_route=\/wp\/v2\/users\/35"}],"replies":[{"embeddable":true,"href":"https:\/\/www.mszporoszlany.hu\/index.php?rest_route=%2Fwp%2Fv2%2Fcomments&post=1210"}],"version-history":[{"count":0,"href":"https:\/\/www.mszporoszlany.hu\/index.php?rest_route=\/wp\/v2\/pages\/1210\/revisions"}],"up":[{"embeddable":true,"href":"https:\/\/www.mszporoszlany.hu\/index.php?rest_route=\/wp\/v2\/pages\/1133"}],"wp:attachment":[{"href":"https:\/\/www.mszporoszlany.hu\/index.php?rest_route=%2Fwp%2Fv2%2Fmedia&parent=1210"}],"curies":[{"name":"wp","href":"https:\/\/api.w.org\/{rel}","templated":true}]}}