{"id":1233,"date":"2012-08-02T20:30:11","date_gmt":"2012-08-02T19:30:11","guid":{"rendered":"http:\/\/www.mszporoszlany.hu\/?page_id=1233"},"modified":"2016-08-19T17:13:00","modified_gmt":"2016-08-19T16:13:00","slug":"hirlevel","status":"publish","type":"page","link":"https:\/\/www.mszporoszlany.hu\/?page_id=1233","title":{"rendered":"H\u00edrlev\u00e9l"},"content":{"rendered":"<p>Szerkeszt\u0151s\u00e9g\u00fcnk \u00e9s az MSZP Oroszl\u00e1nyi Szervezete id\u0151k\u00f6z\u00f6nk\u00e9nt elektronikus form\u00e1ban (e-mail, PDF) k\u00f6zlem\u00e9nyeket, kiadv\u00e1nyokat tesz k\u00f6zz\u00e9. Amennyiben kit\u00f6lti az al\u00e1bbi \u0171rlapot \u00e9s elk\u00fcldi szerkeszt\u0151s\u00e9g\u00fcnknek, akkor az id\u0151szakosan megjelen\u0151 inform\u00e1ci\u00f3kat automatikusan megk\u00fcldj\u00fck az \u00d6n \u00e1ltal megadott e-mail c\u00edmre. Amennyiben szeretn\u00e9 lemondani h\u00edrlevel\u00fcnket, akkor egy ilyen tartalm\u00fa levelet kell k\u00fcldenie az info@mszporoszlany.hu c\u00edmre.<\/p>\n<hr \/>\n<div id=\"forms\">\n<form action=\"\/cgiemail.php\" method=\"post\">\n<input name=\"success\" type=\"hidden\" value=\"\/?page_id=1134\" \/><br \/>\n<input type=\"hidden\" name=\"type\" value=\"h\u00edrlev\u00e9l\"><br \/>\n<input type=\"hidden\" name=\"form\" value=\"visszajelzes.txt\"><br \/>\n<span class=\"cim\">N\u00e9v:<\/span><span class=\"adat\"><input type=\"text\" name=\"nev\" size=\"50\" \/><\/span><br \/>\n<span class=\"cim\">E-mail:<\/span><span class=\"adat\"><input type=\"text\" name=\"email\" size=\"50\" \/><\/span><br \/>\n<span class=\"cim\">&nbsp;<\/span><span class=\"adat\"><input style=\"margin-top: 20px;\" type=\"submit\" value=\" K\u00fcld\u00e9s \" \/>&nbsp;<input type=\"reset\" value=\" T\u00f6rl\u00e9s \" \/><\/span><br \/>\n<input type=\"hidden\" name=\"type\" value=\"H\u00edrlev\u00e9l\" \/><br \/>\n<\/form>\n<\/div>\n","protected":false},"excerpt":{"rendered":"<p>Szerkeszt\u0151s\u00e9g\u00fcnk \u00e9s az MSZP Oroszl\u00e1nyi Szervezete id\u0151k\u00f6z\u00f6nk\u00e9nt elektronikus form\u00e1ban (e-mail, PDF) k\u00f6zlem\u00e9nyeket, kiadv\u00e1nyokat tesz k\u00f6zz\u00e9. Amennyiben kit\u00f6lti az al\u00e1bbi \u0171rlapot \u00e9s elk\u00fcldi szerkeszt\u0151s\u00e9g\u00fcnknek, akkor az id\u0151szakosan megjelen\u0151 inform\u00e1ci\u00f3kat automatikusan megk\u00fcldj\u00fck az \u00d6n \u00e1ltal megadott e-mail c\u00edmre. Amennyiben szeretn\u00e9 lemondani h\u00edrlevel\u00fcnket, &hellip; <a href=\"https:\/\/www.mszporoszlany.hu\/?page_id=1233\">Egy kattint\u00e1s ide a folytat\u00e1shoz&#8230;. <span class=\"meta-nav\">&rarr;<\/span><\/a><\/p>\n","protected":false},"author":35,"featured_media":0,"parent":1133,"menu_order":99,"comment_status":"closed","ping_status":"closed","template":"","meta":{"footnotes":""},"class_list":["post-1233","page","type-page","status-publish","hentry"],"_links":{"self":[{"href":"https:\/\/www.mszporoszlany.hu\/index.php?rest_route=\/wp\/v2\/pages\/1233","targetHints":{"allow":["GET"]}}],"collection":[{"href":"https:\/\/www.mszporoszlany.hu\/index.php?rest_route=\/wp\/v2\/pages"}],"about":[{"href":"https:\/\/www.mszporoszlany.hu\/index.php?rest_route=\/wp\/v2\/types\/page"}],"author":[{"embeddable":true,"href":"https:\/\/www.mszporoszlany.hu\/index.php?rest_route=\/wp\/v2\/users\/35"}],"replies":[{"embeddable":true,"href":"https:\/\/www.mszporoszlany.hu\/index.php?rest_route=%2Fwp%2Fv2%2Fcomments&post=1233"}],"version-history":[{"count":0,"href":"https:\/\/www.mszporoszlany.hu\/index.php?rest_route=\/wp\/v2\/pages\/1233\/revisions"}],"up":[{"embeddable":true,"href":"https:\/\/www.mszporoszlany.hu\/index.php?rest_route=\/wp\/v2\/pages\/1133"}],"wp:attachment":[{"href":"https:\/\/www.mszporoszlany.hu\/index.php?rest_route=%2Fwp%2Fv2%2Fmedia&parent=1233"}],"curies":[{"name":"wp","href":"https:\/\/api.w.org\/{rel}","templated":true}]}}