{"id":1238,"date":"2012-08-02T20:38:48","date_gmt":"2012-08-02T19:38:48","guid":{"rendered":"http:\/\/www.mszporoszlany.hu\/?page_id=1238"},"modified":"2016-08-19T17:13:35","modified_gmt":"2016-08-19T16:13:35","slug":"tamogatas","status":"publish","type":"page","link":"https:\/\/www.mszporoszlany.hu\/?page_id=1238","title":{"rendered":"T\u00e1mogat\u00e1s"},"content":{"rendered":"<p>T\u00f6bben jelezt\u00e9k, hogy szeretn\u00e9nek seg\u00edteni az MSZP Oroszl\u00e1nyi Szervezet\u00e9t a v\u00e1rosban, vagy a t\u00e9rs\u00e9gben v\u00e9gzett munk\u00e1j\u00e1ban. Eddig csak az irod\u00e1ban szem\u00e9lyesen lehetett jelentkezni, ami kicsit neh\u00e9zkess\u00e9 tette a bejelentkez\u00e9si folyamatot. Ennek megk\u00f6nny\u00edt\u00e9se \u00e9rdek\u00e9ben k\u00e9sz\u00edtett\u00fck ez a formanyomtatv\u00e1nyt, amelyen kereszt\u00fcl a j\u00f6v\u0151ben k\u00e9nyelmesen, el\u0151zetes egyeztet\u00e9s n\u00e9lk\u00fcl jelentkezhet t\u00e1mogat\u00f3i munk\u00e1ra.<br \/>\nJelentkez\u00e9s\u00e9t el\u0151re is k\u00f6sz\u00f6nj\u00fck!<\/p>\n<hr \/>\n<div id=\"forms\">\n<form action=\"\/cgiemail.php\" method=\"post\">\n<input name=\"success\" type=\"hidden\" value=\"\/?page_id=1134\" \/><br \/>\n<input type=\"hidden\" name=\"type\" value=\"t\u00e1mogat\u00e1s\"><br \/>\n<input type=\"hidden\" name=\"form\" value=\"visszajelzes.txt\"><br \/>\n<span class=\"cim\">N\u00e9v:<\/span><span class=\"adat\"><input type=\"text\" name=\"nev\" size=\"50\" \/><\/span><br \/>\n<span class=\"cim\">Telefonsz\u00e1m:<\/span><span class=\"adat\"><input type=\"text\" name=\"telefon\" size=\"30\" \/><\/span><br \/>\n<span class=\"cim\">E-mail:<\/span><span class=\"adat\"><input type=\"text\" name=\"email\" size=\"50\" \/><\/span><br \/>\n<span class=\"cim\">Lakc\u00edm:<\/span><span class=\"adat\"><input type=\"text\" name=\"address\" size=\"50\" \/><\/span><br \/>\n<span class=\"cim\">&nbsp;<\/span><span class=\"adat\"><input style=\"margin-top:20px;\" type=\"submit\" value=\" K\u00fcld\u00e9s \" \/>&nbsp;<input type=\"reset\" value=\" T\u00f6rl\u00e9s \" \/><\/span><br \/>\n<input type=\"hidden\" name=\"type\" value=\"T\u00e1mogat\u00e1s\" \/><br \/>\n<\/form>\n<\/div>\n","protected":false},"excerpt":{"rendered":"<p>T\u00f6bben jelezt\u00e9k, hogy szeretn\u00e9nek seg\u00edteni az MSZP Oroszl\u00e1nyi Szervezet\u00e9t a v\u00e1rosban, vagy a t\u00e9rs\u00e9gben v\u00e9gzett munk\u00e1j\u00e1ban. Eddig csak az irod\u00e1ban szem\u00e9lyesen lehetett jelentkezni, ami kicsit neh\u00e9zkess\u00e9 tette a bejelentkez\u00e9si folyamatot. Ennek megk\u00f6nny\u00edt\u00e9se \u00e9rdek\u00e9ben k\u00e9sz\u00edtett\u00fck ez a formanyomtatv\u00e1nyt, amelyen kereszt\u00fcl a &hellip; <a href=\"https:\/\/www.mszporoszlany.hu\/?page_id=1238\">Egy kattint\u00e1s ide a folytat\u00e1shoz&#8230;. <span class=\"meta-nav\">&rarr;<\/span><\/a><\/p>\n","protected":false},"author":35,"featured_media":0,"parent":1133,"menu_order":99,"comment_status":"closed","ping_status":"closed","template":"","meta":{"footnotes":""},"class_list":["post-1238","page","type-page","status-publish","hentry"],"_links":{"self":[{"href":"https:\/\/www.mszporoszlany.hu\/index.php?rest_route=\/wp\/v2\/pages\/1238","targetHints":{"allow":["GET"]}}],"collection":[{"href":"https:\/\/www.mszporoszlany.hu\/index.php?rest_route=\/wp\/v2\/pages"}],"about":[{"href":"https:\/\/www.mszporoszlany.hu\/index.php?rest_route=\/wp\/v2\/types\/page"}],"author":[{"embeddable":true,"href":"https:\/\/www.mszporoszlany.hu\/index.php?rest_route=\/wp\/v2\/users\/35"}],"replies":[{"embeddable":true,"href":"https:\/\/www.mszporoszlany.hu\/index.php?rest_route=%2Fwp%2Fv2%2Fcomments&post=1238"}],"version-history":[{"count":0,"href":"https:\/\/www.mszporoszlany.hu\/index.php?rest_route=\/wp\/v2\/pages\/1238\/revisions"}],"up":[{"embeddable":true,"href":"https:\/\/www.mszporoszlany.hu\/index.php?rest_route=\/wp\/v2\/pages\/1133"}],"wp:attachment":[{"href":"https:\/\/www.mszporoszlany.hu\/index.php?rest_route=%2Fwp%2Fv2%2Fmedia&parent=1238"}],"curies":[{"name":"wp","href":"https:\/\/api.w.org\/{rel}","templated":true}]}}