{"id":1808,"date":"2012-12-05T16:01:27","date_gmt":"2012-12-05T15:01:27","guid":{"rendered":"http:\/\/www.mszporoszlany.hu\/?page_id=1808"},"modified":"2012-12-05T16:01:27","modified_gmt":"2012-12-05T15:01:27","slug":"dr-kollath-gyorgy-eloadasa","status":"publish","type":"page","link":"https:\/\/www.mszporoszlany.hu\/?page_id=1808","title":{"rendered":"dr. Koll\u00e1th Gy\u00f6rgy el\u0151ad\u00e1sa"},"content":{"rendered":"<p>2012. november 05.<\/p>\n<p><a href=\"\/wp-fotos\/sorozat\/kollath\/01.jpg\" rel=\"lightbox[3]\"><img loading=\"lazy\" decoding=\"async\" class=\"alignnone pictureframe\" title=\"Metzger Gyula, dr. Koll\u00e1th Gy\u00f6rgy\" src=\"\/wp-fotos\/sorozat\/kollath\/s01.jpg\" alt=\"\" width=\"100\" height=\"75\" \/><\/a><a href=\"\/wp-fotos\/sorozat\/kollath\/02.jpg\" rel=\"lightbox[3]\"><img loading=\"lazy\" decoding=\"async\" class=\"alignnone pictureframe\" title=\"dr. Koll\u00e1th Gy\u00f6rgy\" src=\"\/wp-fotos\/sorozat\/kollath\/s02.jpg\" alt=\"\" width=\"100\" height=\"75\" \/><\/a><a href=\"\/wp-fotos\/sorozat\/kollath\/03.jpg\" rel=\"lightbox[3]\"><img loading=\"lazy\" decoding=\"async\" class=\"alignnone pictureframe\" title=\"dr. Koll\u00e1th Gy\u00f6rgy\" src=\"\/wp-fotos\/sorozat\/kollath\/s03.jpg\" alt=\"\" width=\"100\" height=\"75\" \/><\/a><a href=\"\/wp-fotos\/sorozat\/kollath\/04.jpg\" rel=\"lightbox[3]\"><img loading=\"lazy\" decoding=\"async\" class=\"alignnone pictureframe\" title=\"dr. Koll\u00e1th Gy\u00f6rgy\" src=\"\/wp-fotos\/sorozat\/kollath\/s04.jpg\" alt=\"\" width=\"100\" height=\"75\" \/><\/a><a href=\"\/wp-fotos\/sorozat\/kollath\/05.jpg\" rel=\"lightbox[3]\"><img loading=\"lazy\" decoding=\"async\" class=\"alignnone pictureframe\" title=\"dr. Koll\u00e1th Gy\u00f6rgy, Metzger Gyula\" src=\"\/wp-fotos\/sorozat\/kollath\/s05.jpg\" alt=\"\" width=\"100\" height=\"75\" \/><\/a><br \/>\n<a href=\"\/wp-fotos\/sorozat\/kollath\/06.jpg\" rel=\"lightbox[3]\"><img loading=\"lazy\" decoding=\"async\" class=\"alignnone pictureframe\" title=\"Rajnai G\u00e1bor\" src=\"\/wp-fotos\/sorozat\/kollath\/s06.jpg\" alt=\"\" width=\"100\" height=\"75\" \/><\/a><a href=\"\/wp-fotos\/sorozat\/kollath\/07.jpg\" rel=\"lightbox[3]\"><img loading=\"lazy\" decoding=\"async\" class=\"alignnone pictureframe\" title=\"Metzger Gyula\" src=\"\/wp-fotos\/sorozat\/kollath\/s07.jpg\" alt=\"\" width=\"100\" height=\"75\" \/><\/a><a href=\"\/wp-fotos\/sorozat\/kollath\/08.jpg\" rel=\"lightbox[3]\"><img loading=\"lazy\" decoding=\"async\" class=\"alignnone pictureframe\" title=\"Laz\u00f3k Zolt\u00e1n\" src=\"\/wp-fotos\/sorozat\/kollath\/s08.jpg\" alt=\"\" width=\"100\" height=\"75\" \/><\/a><a href=\"\/wp-fotos\/sorozat\/kollath\/09.jpg\" rel=\"lightbox[3]\"><img loading=\"lazy\" decoding=\"async\" class=\"alignnone pictureframe\" title=\"Torma Lajos\" src=\"\/wp-fotos\/sorozat\/kollath\/s09.jpg\" alt=\"\" width=\"100\" height=\"75\" \/><\/a><a href=\"\/wp-fotos\/sorozat\/kollath\/10.jpg\" rel=\"lightbox[3]\"><img loading=\"lazy\" decoding=\"async\" class=\"alignnone pictureframe\" title=\"Kristy\u00e1k Viktor\" src=\"\/wp-fotos\/sorozat\/kollath\/s10.jpg\" alt=\"\" width=\"100\" height=\"75\" \/><\/a><br \/>\n<a href=\"\/wp-fotos\/sorozat\/kollath\/11.jpg\" rel=\"lightbox[3]\"><img loading=\"lazy\" decoding=\"async\" class=\"alignnone pictureframe\" title=\"Hezler Gabriella\" src=\"\/wp-fotos\/sorozat\/kollath\/s11.jpg\" alt=\"\" width=\"100\" height=\"75\" \/><\/a><a href=\"\/wp-fotos\/sorozat\/kollath\/12.jpg\" rel=\"lightbox[3]\"><img loading=\"lazy\" decoding=\"async\" class=\"alignnone pictureframe\" title=\"Przygoczky Ferenc\" src=\"\/wp-fotos\/sorozat\/kollath\/s12.jpg\" alt=\"\" width=\"100\" height=\"75\" \/><\/a><a href=\"\/wp-fotos\/sorozat\/kollath\/13.jpg\" rel=\"lightbox[3]\"><img loading=\"lazy\" decoding=\"async\" class=\"alignnone pictureframe\" title=\"Szedl\u00e1k J\u00e1nos\" src=\"\/wp-fotos\/sorozat\/kollath\/s13.jpg\" alt=\"\" width=\"100\" height=\"75\" \/><\/a><a href=\"\/wp-fotos\/sorozat\/kollath\/14.jpg\" rel=\"lightbox[3]\"><img loading=\"lazy\" decoding=\"async\" class=\"alignnone pictureframe\" title=\"M\u00f3di Mikl\u00f3s\" src=\"\/wp-fotos\/sorozat\/kollath\/s14.jpg\" alt=\"\" width=\"100\" height=\"75\" \/><\/a><a href=\"\/wp-fotos\/sorozat\/kollath\/16.jpg\" rel=\"lightbox[3]\"><img loading=\"lazy\" decoding=\"async\" class=\"alignnone pictureframe\" title=\"S\u00f3lyom J\u00f6ran, dr. Koll\u00e1th Gy\u00f6rgy, Moln\u00e1r Istv\u00e1n\" src=\"\/wp-fotos\/sorozat\/kollath\/s16.jpg\" alt=\"\" width=\"100\" height=\"75\" \/><\/a><\/p>\n","protected":false},"excerpt":{"rendered":"<p>2012. november 05.<\/p>\n","protected":false},"author":35,"featured_media":0,"parent":919,"menu_order":0,"comment_status":"open","ping_status":"closed","template":"","meta":{"footnotes":""},"class_list":["post-1808","page","type-page","status-publish","hentry"],"_links":{"self":[{"href":"https:\/\/www.mszporoszlany.hu\/index.php?rest_route=\/wp\/v2\/pages\/1808","targetHints":{"allow":["GET"]}}],"collection":[{"href":"https:\/\/www.mszporoszlany.hu\/index.php?rest_route=\/wp\/v2\/pages"}],"about":[{"href":"https:\/\/www.mszporoszlany.hu\/index.php?rest_route=\/wp\/v2\/types\/page"}],"author":[{"embeddable":true,"href":"https:\/\/www.mszporoszlany.hu\/index.php?rest_route=\/wp\/v2\/users\/35"}],"replies":[{"embeddable":true,"href":"https:\/\/www.mszporoszlany.hu\/index.php?rest_route=%2Fwp%2Fv2%2Fcomments&post=1808"}],"version-history":[{"count":0,"href":"https:\/\/www.mszporoszlany.hu\/index.php?rest_route=\/wp\/v2\/pages\/1808\/revisions"}],"up":[{"embeddable":true,"href":"https:\/\/www.mszporoszlany.hu\/index.php?rest_route=\/wp\/v2\/pages\/919"}],"wp:attachment":[{"href":"https:\/\/www.mszporoszlany.hu\/index.php?rest_route=%2Fwp%2Fv2%2Fmedia&parent=1808"}],"curies":[{"name":"wp","href":"https:\/\/api.w.org\/{rel}","templated":true}]}}