{"id":1810,"date":"2012-12-05T16:02:43","date_gmt":"2012-12-05T15:02:43","guid":{"rendered":"http:\/\/www.mszporoszlany.hu\/?page_id=1810"},"modified":"2012-12-05T16:03:30","modified_gmt":"2012-12-05T15:03:30","slug":"akikre-buszkek-vagyunk","status":"publish","type":"page","link":"https:\/\/www.mszporoszlany.hu\/?page_id=1810","title":{"rendered":"Akikre b\u00fcszk\u00e9k vagyunk"},"content":{"rendered":"<p>2012. november 25.<\/p>\n<p><a href=\"\/wp-fotos\/hosok\/Keleti-Gyorgy.jpg\" rel=\"lightbox[4]\"><img loading=\"lazy\" decoding=\"async\" class=\"alignnone pictureframe\" title=\"Keleti Gy\u00f6rgy - Baloldal\u00e9rt-d\u00edj 2012\" src=\"\/wp-fotos\/hosok\/sKeleti-Gyorgy.jpg\" alt=\"\" width=\"100\" height=\"75\" \/><\/a><\/p>\n","protected":false},"excerpt":{"rendered":"<p>2012. november 25.<\/p>\n","protected":false},"author":35,"featured_media":0,"parent":919,"menu_order":0,"comment_status":"open","ping_status":"closed","template":"","meta":{"footnotes":""},"class_list":["post-1810","page","type-page","status-publish","hentry"],"_links":{"self":[{"href":"https:\/\/www.mszporoszlany.hu\/index.php?rest_route=\/wp\/v2\/pages\/1810","targetHints":{"allow":["GET"]}}],"collection":[{"href":"https:\/\/www.mszporoszlany.hu\/index.php?rest_route=\/wp\/v2\/pages"}],"about":[{"href":"https:\/\/www.mszporoszlany.hu\/index.php?rest_route=\/wp\/v2\/types\/page"}],"author":[{"embeddable":true,"href":"https:\/\/www.mszporoszlany.hu\/index.php?rest_route=\/wp\/v2\/users\/35"}],"replies":[{"embeddable":true,"href":"https:\/\/www.mszporoszlany.hu\/index.php?rest_route=%2Fwp%2Fv2%2Fcomments&post=1810"}],"version-history":[{"count":0,"href":"https:\/\/www.mszporoszlany.hu\/index.php?rest_route=\/wp\/v2\/pages\/1810\/revisions"}],"up":[{"embeddable":true,"href":"https:\/\/www.mszporoszlany.hu\/index.php?rest_route=\/wp\/v2\/pages\/919"}],"wp:attachment":[{"href":"https:\/\/www.mszporoszlany.hu\/index.php?rest_route=%2Fwp%2Fv2%2Fmedia&parent=1810"}],"curies":[{"name":"wp","href":"https:\/\/api.w.org\/{rel}","templated":true}]}}