{"id":7,"date":"2011-10-23T15:48:49","date_gmt":"2011-10-23T14:48:49","guid":{"rendered":"http:\/\/www.mszporoszlany.hu\/?page_id=7"},"modified":"2013-09-11T05:57:23","modified_gmt":"2013-09-11T04:57:23","slug":"frakcio","status":"publish","type":"page","link":"https:\/\/www.mszporoszlany.hu\/?page_id=7","title":{"rendered":"Nyilatkozatok"},"content":{"rendered":"<p>&nbsp;<\/p>\n<ul>\n<li><a title=\"Nyilatkozat megnyit\u00e1sa\" href=\"\/?p=2339\" target=\"_blank\">Nyilatkozat<\/a> a 2013.08.27-i test\u00fcleti \u00fcl\u00e9sen elhangzott hazugs\u00e1gok miatt<\/li>\n<li><a title=\"A lev\u00e9l megnyit\u00e1sa\" href=\"\/wp-docs\/NyiltLevel-TakacsKaroly.pdf\" target=\"_blank\">Ny\u00edlt lev\u00e9l<\/a> Oroszl\u00e1ny V\u00e1ros K\u00e9pvisel\u0151-test\u00fclet\u00e9hez (Tak\u00e1cs K\u00e1roly)<\/li>\n<\/ul>\n","protected":false},"excerpt":{"rendered":"<p>&nbsp; Nyilatkozat a 2013.08.27-i test\u00fcleti \u00fcl\u00e9sen elhangzott hazugs\u00e1gok miatt Ny\u00edlt lev\u00e9l Oroszl\u00e1ny V\u00e1ros K\u00e9pvisel\u0151-test\u00fclet\u00e9hez (Tak\u00e1cs K\u00e1roly)<\/p>\n","protected":false},"author":35,"featured_media":0,"parent":0,"menu_order":13,"comment_status":"closed","ping_status":"closed","template":"","meta":{"footnotes":""},"class_list":["post-7","page","type-page","status-publish","hentry"],"_links":{"self":[{"href":"https:\/\/www.mszporoszlany.hu\/index.php?rest_route=\/wp\/v2\/pages\/7","targetHints":{"allow":["GET"]}}],"collection":[{"href":"https:\/\/www.mszporoszlany.hu\/index.php?rest_route=\/wp\/v2\/pages"}],"about":[{"href":"https:\/\/www.mszporoszlany.hu\/index.php?rest_route=\/wp\/v2\/types\/page"}],"author":[{"embeddable":true,"href":"https:\/\/www.mszporoszlany.hu\/index.php?rest_route=\/wp\/v2\/users\/35"}],"replies":[{"embeddable":true,"href":"https:\/\/www.mszporoszlany.hu\/index.php?rest_route=%2Fwp%2Fv2%2Fcomments&post=7"}],"version-history":[{"count":0,"href":"https:\/\/www.mszporoszlany.hu\/index.php?rest_route=\/wp\/v2\/pages\/7\/revisions"}],"wp:attachment":[{"href":"https:\/\/www.mszporoszlany.hu\/index.php?rest_route=%2Fwp%2Fv2%2Fmedia&parent=7"}],"curies":[{"name":"wp","href":"https:\/\/api.w.org\/{rel}","templated":true}]}}